{"id":3691,"date":"2014-08-08T09:22:40","date_gmt":"2014-08-08T07:22:40","guid":{"rendered":"http:\/\/webkakadu.home.pl\/autoinstalator\/wordpress1\/?page_id=3691"},"modified":"2023-01-23T08:53:03","modified_gmt":"2023-01-23T07:53:03","slug":"zakupy-w-kakadu","status":"publish","type":"page","link":"https:\/\/kakadu.pl\/blog\/zakupy-w-kakadu\/","title":{"rendered":"Karta sta\u0142ego klienta sklep\u00f3w stacjonarnych"},"content":{"rendered":"<p><script src=\"https:\/\/www.rzetelnyregulamin.pl\/pl\/rr,kod-86f9c30286382ae5ab170b8950abb5ac\"><\/script><\/p>\n<div id=\"rr_xss_cert\"><\/div>\n","protected":false},"excerpt":{"rendered":"","protected":false},"author":1,"featured_media":0,"parent":0,"menu_order":0,"comment_status":"open","ping_status":"closed","template":"","meta":{"inline_featured_image":false,"footnotes":""},"yoast_head":"<!-- This site is optimized with the Yoast SEO plugin v22.4 - https:\/\/yoast.com\/wordpress\/plugins\/seo\/ -->\n<title>Karta sta\u0142ego klienta sklep\u00f3w stacjonarnych | Blog o \ud83d\udc36\ud83d\udc31\ud83d\udc39 Kakadu.pl<\/title>\n<meta name=\"robots\" content=\"index, follow, max-snippet:-1, max-image-preview:large, max-video-preview:-1\" \/>\n<link rel=\"canonical\" href=\"https:\/\/kakadu.pl\/blog\/zakupy-w-kakadu\/\" \/>\n<meta property=\"og:locale\" content=\"pl_PL\" \/>\n<meta property=\"og:type\" content=\"article\" \/>\n<meta property=\"og:title\" content=\"Karta sta\u0142ego klienta sklep\u00f3w stacjonarnych | Blog o \ud83d\udc36\ud83d\udc31\ud83d\udc39 Kakadu.pl\" \/>\n<meta property=\"og:url\" content=\"https:\/\/kakadu.pl\/blog\/zakupy-w-kakadu\/\" \/>\n<meta property=\"og:site_name\" content=\"Sie\u0107 sklep\u00f3w zoologicznych Kakadu\" \/>\n<meta property=\"article:modified_time\" content=\"2023-01-23T07:53:03+00:00\" \/>\n<meta name=\"twitter:card\" content=\"summary_large_image\" \/>\n<script type=\"application\/ld+json\" class=\"yoast-schema-graph\">{\"@context\":\"https:\/\/schema.org\",\"@graph\":[{\"@type\":\"WebPage\",\"@id\":\"https:\/\/kakadu.pl\/blog\/zakupy-w-kakadu\/\",\"url\":\"https:\/\/kakadu.pl\/blog\/zakupy-w-kakadu\/\",\"name\":\"Karta sta\u0142ego klienta sklep\u00f3w stacjonarnych | Blog o \ud83d\udc36\ud83d\udc31\ud83d\udc39 Kakadu.pl\",\"isPartOf\":{\"@id\":\"https:\/\/kakadu.pl\/blog\/#website\"},\"datePublished\":\"2014-08-08T07:22:40+00:00\",\"dateModified\":\"2023-01-23T07:53:03+00:00\",\"breadcrumb\":{\"@id\":\"https:\/\/kakadu.pl\/blog\/zakupy-w-kakadu\/#breadcrumb\"},\"inLanguage\":\"pl-PL\",\"potentialAction\":[{\"@type\":\"ReadAction\",\"target\":[\"https:\/\/kakadu.pl\/blog\/zakupy-w-kakadu\/\"]}]},{\"@type\":\"BreadcrumbList\",\"@id\":\"https:\/\/kakadu.pl\/blog\/zakupy-w-kakadu\/#breadcrumb\",\"itemListElement\":[{\"@type\":\"ListItem\",\"position\":1,\"name\":\"Blog\",\"item\":\"https:\/\/kakadu.pl\/blog\/\"},{\"@type\":\"ListItem\",\"position\":2,\"name\":\"Karta sta\u0142ego klienta sklep\u00f3w stacjonarnych\"}]},{\"@type\":\"WebSite\",\"@id\":\"https:\/\/kakadu.pl\/blog\/#website\",\"url\":\"https:\/\/kakadu.pl\/blog\/\",\"name\":\"Sie\u0107 sklep\u00f3w zoologicznych Kakadu\",\"description\":\"Profesjonalna sie\u0107 sklep\u00f3w zoologicznych\",\"potentialAction\":[{\"@type\":\"SearchAction\",\"target\":{\"@type\":\"EntryPoint\",\"urlTemplate\":\"https:\/\/kakadu.pl\/blog\/?s={search_term_string}\"},\"query-input\":\"required name=search_term_string\"}],\"inLanguage\":\"pl-PL\"}]}<\/script>\n<!-- \/ Yoast SEO plugin. -->","yoast_head_json":{"title":"Karta sta\u0142ego klienta sklep\u00f3w stacjonarnych | Blog o \ud83d\udc36\ud83d\udc31\ud83d\udc39 Kakadu.pl","robots":{"index":"index","follow":"follow","max-snippet":"max-snippet:-1","max-image-preview":"max-image-preview:large","max-video-preview":"max-video-preview:-1"},"canonical":"https:\/\/kakadu.pl\/blog\/zakupy-w-kakadu\/","og_locale":"pl_PL","og_type":"article","og_title":"Karta sta\u0142ego klienta sklep\u00f3w stacjonarnych | Blog o \ud83d\udc36\ud83d\udc31\ud83d\udc39 Kakadu.pl","og_url":"https:\/\/kakadu.pl\/blog\/zakupy-w-kakadu\/","og_site_name":"Sie\u0107 sklep\u00f3w zoologicznych Kakadu","article_modified_time":"2023-01-23T07:53:03+00:00","twitter_card":"summary_large_image","schema":{"@context":"https:\/\/schema.org","@graph":[{"@type":"WebPage","@id":"https:\/\/kakadu.pl\/blog\/zakupy-w-kakadu\/","url":"https:\/\/kakadu.pl\/blog\/zakupy-w-kakadu\/","name":"Karta sta\u0142ego klienta sklep\u00f3w stacjonarnych | Blog o \ud83d\udc36\ud83d\udc31\ud83d\udc39 Kakadu.pl","isPartOf":{"@id":"https:\/\/kakadu.pl\/blog\/#website"},"datePublished":"2014-08-08T07:22:40+00:00","dateModified":"2023-01-23T07:53:03+00:00","breadcrumb":{"@id":"https:\/\/kakadu.pl\/blog\/zakupy-w-kakadu\/#breadcrumb"},"inLanguage":"pl-PL","potentialAction":[{"@type":"ReadAction","target":["https:\/\/kakadu.pl\/blog\/zakupy-w-kakadu\/"]}]},{"@type":"BreadcrumbList","@id":"https:\/\/kakadu.pl\/blog\/zakupy-w-kakadu\/#breadcrumb","itemListElement":[{"@type":"ListItem","position":1,"name":"Blog","item":"https:\/\/kakadu.pl\/blog\/"},{"@type":"ListItem","position":2,"name":"Karta sta\u0142ego klienta sklep\u00f3w stacjonarnych"}]},{"@type":"WebSite","@id":"https:\/\/kakadu.pl\/blog\/#website","url":"https:\/\/kakadu.pl\/blog\/","name":"Sie\u0107 sklep\u00f3w zoologicznych Kakadu","description":"Profesjonalna sie\u0107 sklep\u00f3w zoologicznych","potentialAction":[{"@type":"SearchAction","target":{"@type":"EntryPoint","urlTemplate":"https:\/\/kakadu.pl\/blog\/?s={search_term_string}"},"query-input":"required name=search_term_string"}],"inLanguage":"pl-PL"}]}},"_links":{"self":[{"href":"https:\/\/kakadu.pl\/blog\/wp-json\/wp\/v2\/pages\/3691"}],"collection":[{"href":"https:\/\/kakadu.pl\/blog\/wp-json\/wp\/v2\/pages"}],"about":[{"href":"https:\/\/kakadu.pl\/blog\/wp-json\/wp\/v2\/types\/page"}],"author":[{"embeddable":true,"href":"https:\/\/kakadu.pl\/blog\/wp-json\/wp\/v2\/users\/1"}],"replies":[{"embeddable":true,"href":"https:\/\/kakadu.pl\/blog\/wp-json\/wp\/v2\/comments?post=3691"}],"version-history":[{"count":5,"href":"https:\/\/kakadu.pl\/blog\/wp-json\/wp\/v2\/pages\/3691\/revisions"}],"predecessor-version":[{"id":29237,"href":"https:\/\/kakadu.pl\/blog\/wp-json\/wp\/v2\/pages\/3691\/revisions\/29237"}],"wp:attachment":[{"href":"https:\/\/kakadu.pl\/blog\/wp-json\/wp\/v2\/media?parent=3691"}],"curies":[{"name":"wp","href":"https:\/\/api.w.org\/{rel}","templated":true}]}}