{"id":35,"date":"2014-05-23T08:14:45","date_gmt":"2014-05-23T08:14:45","guid":{"rendered":"http:\/\/webkakadu.home.pl\/autoinstalator\/wordpress1\/?page_id=35"},"modified":"2022-10-28T10:58:00","modified_gmt":"2022-10-28T08:58:00","slug":"kontakt","status":"publish","type":"page","link":"https:\/\/kakadu.pl\/blog\/kontakt\/","title":{"rendered":"Kontakt"},"content":{"rendered":"<h3>KONTAKT Z BIUREM<\/h3>\n<p>Sie\u0107 sklep\u00f3w zoologicznych Kakadu<br \/>\nul. Annopol 4a<br \/>\n03-236 Warszawa<\/p>\n<p>tel. 22 762 97 07<br \/>\nfax. 22 762 97 17<br \/>\ne-mail: kakadu@kakadu.pl<\/p>\n<h3>Lista i dane adresowe oraz kontaktowe sklep\u00f3w zoologicznych Kakadu<\/h3>\n<p><strong>Bia\u0142ystok<\/strong><\/p>\n<p style=\"padding-left: 90px;\"><a title=\"Sklep zoologiczny Kakadu w Auchan Hetma\u0144ska\" href=\"\/sklep-zoologiczny-kakadu-w-auchan-hetmanska\/\"><strong>Sklep zoologiczny Kakadu w CH Auchan Hetma\u0144ska<\/strong><\/a><br \/>\nul. Hetma\u0144ska 16<br \/>\n15 \u2013 727 Bia\u0142ystok<br \/>\ntel.: 85 733 65 00<br \/>\ne-mail: <a href=\"mailto:hetmanska@kakadu.pl\">hetmanska@kakadu.pl<\/a><\/p>\n<p><strong>Bielsko-Bia\u0142a<\/strong><\/p>\n<p style=\"padding-left: 90px;\"><a href=\"https:\/\/kakadu.pl\/blog\/sklep-zoologiczny-kakadu-w-retail-parku-karpacka-w-bielsku-bialej\/\"><strong>Sklep zoologiczny Kakadu w Retail Parku Karpacka<\/strong><\/a><br \/>\nul. Kolista 23<br \/>\n43-316 Bielsko-Bia\u0142a<br \/>\ntel.: 22 256 29 60<br \/>\ne-mail: <a href=\"mailto:bielsko@kakadu.pl\">bielsko@kakadu.pl<\/a><\/p>\n<p><strong>Bydgoszcz<\/strong><\/p>\n<p style=\"padding-left: 90px;\"><a title=\"Sklep zoologiczny Kakadu w CH Zielone Arkady\" href=\"https:\/\/kakadu.pl\/blog\/sklep-zoologiczny-kakadu-w-ch-zielone-arkady-w-bydgoszczy\/\"><strong>Sklep zoologiczny Kakadu w CH Zielone Arkady<\/strong><br \/>\n<\/a>ul. Wojska Polskiego 1<br \/>\n85-171 Bydgoszcz<br \/>\ntel: 22 256 29 56<br \/>\ne-mail: <a href=\"mailto:bydgoszcz@kakadu.pl\">bydgoszcz@kakadu.pl<\/a><\/p>\n<p><strong>Bytom<\/strong><\/p>\n<p style=\"padding-left: 90px;\"><a title=\"Sklep zoologiczny Kakadu w CH Agora\" href=\"\/sklep-zoologiczny-kakadu-w-ch-agora\/\"><strong>Sklep zoologiczny Kakadu w CH Agora<\/strong><\/a><br \/>\npl. Tadeusza Ko\u015bciuszki 1<br \/>\n41 \u2013 902 Bytom<br \/>\ntel.: 22 256 29 43<br \/>\ne-mail: <a href=\"mailto:agora@kakadu.pl\">agora@kakadu.pl<\/a><\/p>\n<p><strong>Cz\u0119stochowa<\/strong><\/p>\n<p style=\"padding-left: 90px;\"><a title=\"Sklep zoologiczny Kakadu Galerii Jurajska\" href=\"\/sklep-zoologiczny-kakadu-galerii-jurajska\/\"><strong>Sklep zoologiczny Kakadu Galerii Jurajska<\/strong><\/a><br \/>\nal. Wojska Polskiego 207<br \/>\n42 \u2013 202 Cz\u0119stochowa<br \/>\ntel.: 22 256 29 38<br \/>\ne-mail: <a href=\"mailto:jurajska@kakadu.pl\">jurajska@kakadu.pl<\/a><\/p>\n<p><strong>D\u0105browa G\u00f3rnicza<\/strong><\/p>\n<p style=\"padding-left: 90px;\"><a title=\"Sklep zoologiczny Kakadu w Parku Handlowym Vendo Park w D\u0105browie G\u00f3rniczej\" href=\"\/sklep-zoologiczny-kakadu-w-parku-handlowym-vendo-park-w-dabrowie-gorniczej\/\"><strong>Sklep zoologiczny Kakadu w Parku Handlowym Vendo Park w D\u0105browie G\u00f3rniczej<\/strong><\/a><br \/>\nul. Katowicka 1B<br \/>\n44-300 D\u0105browa G\u00f3rnicza<br \/>\ntel.: 22 256 29 67<br \/>\ne-mail: <a href=\"mailto:dabrowa@kakadu.pl\">dabrowa@kakadu.pl<\/a><\/p>\n<p><strong>E\u0142k<\/strong><\/p>\n<p style=\"padding-left: 90px;\"><a title=\"Sklep zoologiczny Kakadu w Parku Handlowym Vendo Park w D\u0105browie G\u00f3rniczej\" href=\"https:\/\/kakadu.pl\/blog\/sklep-zoologiczny-kakadu-w-ph-karuzela-w-elku\/\"><strong>Sklep zoologiczny Kakadu w Parku Handlowym Karuzela w E\u0142ku<\/strong><\/a><br \/>\nul. Przytorowa 1<br \/>\n19-300 E\u0142k<br \/>\ntel.: 22 256 29 75<br \/>\ntel. 87 731 31 96<br \/>\ne-mail: <a href=\"mailto:elk@kakadu.pl\">elk@kakadu.pl<\/a><\/p>\n<p><strong>Gliwice<\/strong><\/p>\n<p style=\"padding-left: 90px;\"><a title=\"Sklep zoologiczny Kakadu w CH Europa Centralna\" href=\"\/sklep-zoologiczny-kakadu-w-ch-europa-centralna\/\"><strong>Sklep zoologiczny Kakadu w CH Europa Centralna<\/strong><\/a><br \/>\nul. Pszczy\u0144ska 315<br \/>\n44-100 Gliwice<br \/>\nLokal S04A<br \/>\ntel.: 22 256 29 51<br \/>\ne-mail: <a href=\"mailto:gliwice@kakadu.pl\">gliwice@kakadu.pl<\/a><\/p>\n<p><strong>J\u0119drzej\u00f3w<\/strong><\/p>\n<p style=\"padding-left: 90px;\"><strong><a title=\"sklep zoologiczny j\u0119drzej\u00f3w\" href=\"https:\/\/kakadu.pl\/blog\/sklep-zoologiczny-kakadu-w-ch-sekunda-w-jedrzejowie\/\">Sklep zoologiczny Kakadu w CH Sekunda<\/a><\/strong><br \/>\nul. Reymonta 11<br \/>\n28-300 J\u0119drzej\u00f3w<br \/>\ntel. 22 256 29 78<br \/>\ntel. 41 230 76 50<\/p>\n<p><strong>Katowice<\/strong><\/p>\n<p style=\"padding-left: 90px;\"><strong><a title=\"klep zoologiczny Kakadu w CH 3 Stawy\" href=\"\/sklep-zoologiczny-kakadu-w-ch-3-stawy\/\">Sklep zoologiczny Kakadu w CH 3 Stawy<\/a><\/strong><br \/>\nul. Alpejska 8\/10<br \/>\n40-028 Katowice<br \/>\ntel.: 22 256 29 41<br \/>\ne-mail: <a href=\"mailto:trzystawy@kakadu.pl\">trzystawy@kakadu.pl<\/a><\/p>\n<p><strong>Kielce<\/strong><\/p>\n<p style=\"padding-left: 90px;\"><a title=\"Sklep zoologiczny Kakadu w Galerii Echo\" href=\"\/sklep-zoologiczny-kakadu-w-galerii-echo\/\"><strong>Sklep zoologiczny Kakadu w Galerii Echo Kielce<\/strong><\/a><br \/>\nul. \u015awi\u0119tokrzyska 20<br \/>\n25 \u2013 406 Kielce<br \/>\ntel.: 22 256 29 49<br \/>\ne-mail: <a href=\"mailto:echo@kakadu.pl\">echo@kakadu.pl<\/a><\/p>\n<p><strong>Krak\u00f3w<\/strong><\/p>\n<p style=\"padding-left: 90px;\"><a title=\"Sklep zoologiczny Kakadu w Bonarka City Center\" href=\"\/sklep-zoologiczny-kakadu-w-bonarka-city-center\/\"><strong>Sklep zoologiczny Kakadu w Bonarka City Center<\/strong><\/a><br \/>\nul. Kamie\u0144skiego 11<br \/>\n30 \u2013 644 Krak\u00f3w<br \/>\ntel.: 22 256 29 40<br \/>\ne-mail: <a href=\"mailto:bonarka@kakadu.pl\">bonarka@kakadu.pl<\/a><\/p>\n<p style=\"padding-left: 90px;\"><a title=\"Sklep zoologiczny Kakadu w Galerii Krakowskiej\" href=\"\/sklep-zoologiczny-kakadu-w-galerii-krakowskiej\/\"><strong>Sklep zoologiczny Kakadu w Galerii Krakowskiej<\/strong><\/a><br \/>\nul. Pawia 5<br \/>\n31 \u2013 154 Krak\u00f3w<br \/>\ntel.: 22 256 29 59<br \/>\ne-mail: <a href=\"mailto:galeriakrakowska@kakadu.pl\">galeriakrakowska@kakadu.pl<\/a><\/p>\n<p style=\"padding-left: 90px;\"><a title=\"Sklep zoologiczny Kakadu w CH M1 w Krakowie\" href=\"\/sklep-zoologiczny-kakadu-w-ch-m1-w-krakowie\/\"><strong>Sklep zoologiczny Kakadu w CH M1 w Krakowie<\/strong><\/a><br \/>\nAleja Pokoju 67<br \/>\n31 \u2013 580 Krak\u00f3w<br \/>\ntel.: 22 256 29 47<br \/>\ne-mail: <a href=\"mailto:krakowm1@kakadu.pl\">krakowm1@kakadu.pl<\/a><\/p>\n<p style=\"padding-left: 90px;\"><a href=\"https:\/\/kakadu.pl\/blog\/sklep-zoologiczny-kakadu-w-ph-zakopianka-w-krakowie\/\" target=\"_blank\" rel=\"noopener\"><strong>Sklep zoologiczny Kakadu w Parku Handlowym Zakopianka<\/strong><\/a><br \/>\nul. Zakopia\u0144ska 62<br \/>\n30 \u2013 418 Krak\u00f3w<br \/>\ntel.: 22 256 29 73<br \/>\ne-mail: <a href=\"mailto:zakopianka@kakadu.pl\">zakopianka@kakadu.pl<\/a><\/p>\n<p><strong>Legnica<\/strong><\/p>\n<p style=\"padding-left: 90px;\"><a title=\"Sklep zoologiczny Kakadu w CH Auchan Legnica\" href=\"\/sklep-zoologiczny-kakadu-w-ch-auchan-legnica\/\"><strong>Sklep zoologiczny Kakadu w CH Auchan Legnica<\/strong><\/a><br \/>\nul. Roberta Schumana 11<br \/>\n59-220 Legnica<br \/>\ntel.: 22 256 29 54<br \/>\ne-mail: <a href=\"mailto:legnica@kakadu.pl\">legnica@kakadu.pl<\/a><\/p>\n<p><strong>Lublin<\/strong><\/p>\n<p style=\"padding-left: 90px;\"><a title=\"Sklep zoologiczny Kakadu w Galerii Olimp\" href=\"https:\/\/kakadu.pl\/blog\/sklep-zoologiczny-kakadu-w-galerii-olimp\/\"><strong>Sklep zoologiczny Kakadu w Galerii Olimp<\/strong><\/a><br \/>\nul. Sp\u00f3\u0142dzielczo\u015bci Pracy 34<br \/>\n20 \u2013 147 Lublin<br \/>\ntel.: 22 256 29 37<br \/>\ne-mail:\u00a0<a href=\"mailto:olimp@kakadu.pl\">olimp@kakadu.pl<\/a><\/p>\n<p style=\"padding-left: 90px;\"><strong><a href=\"https:\/\/kakadu.pl\/blog\/sklep-zoologiczny-kakadu-w-ph-diamentowa-w-lublinie\/\">Sklep zoologiczny Kakadu w\u00a0PH Diamentowa<\/a><\/strong><br \/>\nul. Diamentowa 29<br \/>\n20-471 Lublin<br \/>\ntel: 22 256 29 77, 81 475 41 18<br \/>\nmail:\u00a0<a href=\"mailto:diamentowa@kakadu.pl\">diamentowa@kakadu.pl<\/a><\/p>\n<p><strong>\u0141\u00f3d\u017a<\/strong><\/p>\n<p style=\"padding-left: 90px;\"><a title=\"Sklep zoologiczny Kakadu w CH Manufaktura\" href=\"\/sklep-zoologiczny-kakadu-w-ch-manufaktura\"><strong>Sklep zoologiczny Kakadu w Manufakturze<\/strong><\/a><br \/>\nul. Karskiego 5 budynek 10<br \/>\n91 \u2013 071 \u0141\u00f3d\u017a<br \/>\ntel.: 22 256 29 18<br \/>\ne-mail: <a href=\"mailto:manufaktura@kakadu.pl\">manufaktura@kakadu.pl<\/a><\/p>\n<p style=\"padding-left: 90px;\"><a title=\"Sklep zoologiczny Kakadu w CH Port \u0141\u00f3d\u017a\" href=\"\/sklep-zoologiczny-kakadu-w-ch-port-lodz\/\"><strong>Sklep zoologiczny Kakadu w CH Port \u0141\u00f3d\u017a<\/strong><\/a><br \/>\nul. Pabianicka 245<br \/>\n93 \u2013 457 \u0141\u00f3d\u017a<br \/>\ntel.: 22 256 29 42<br \/>\ne-mail: <a href=\"mailto:port@kakadu.pl\">port@kakadu.pl<\/a><\/p>\n<p style=\"padding-left: 90px;\"><a title=\"Sklep zoologiczny Kakadu w Parku Handlowym Vendo Park\" href=\"\/sklep-zoologiczny-kakadu-w-parku-handlowym-vendo-park-w-lodzi\/\"><strong>Sklep zoologiczny Kakadu w Parku Handlowym Vendo Park<\/strong><\/a><br \/>\nul. Przybyszewskiego 323<br \/>\n92 \u2013 339 \u0141\u00f3d\u017a<br \/>\ntel.: 22 256 29 66<br \/>\ne-mail: <a href=\"mailto:przybyszewskiego@kakadu.pl\">przybyszewskiego@kakadu.pl<\/a><\/p>\n<p><strong>O\u0142awa\u00a0<\/strong><\/p>\n<p style=\"padding-left: 90px;\"><a href=\"https:\/\/kakadu.pl\/blog\/sklep-zoologiczny-kakadu-w-ph-my-box-w-olawie\/\"><strong>Sklep zoologiczny Kakadu w PH My Box w O\u0142awie<\/strong><\/a><br \/>\nul. Ksi\u0119dza Pra\u0142ata F. Kutrowskiego 50<br \/>\n55-200 O\u0142awa<br \/>\ntel.: 22 256 29 74<br \/>\ntel.: 71 738 14 90<br \/>\ne-mail: <a href=\"mailto:olawa@kakadu.pl\">olawa@kakadu.pl<\/a><\/p>\n<p><strong>Opole<\/strong><\/p>\n<p style=\"padding-left: 90px;\"><a href=\"https:\/\/kakadu.pl\/blog\/sklep-zoologiczny-kakadu-w-ch-turawa-park-w-opolu\/\"><strong>Sklep zoologiczny Kakadu w CH TURAWA PARK w Opolu<\/strong><\/a><br \/>\nul D\u0119bowa 1, 46-022 Zawada<br \/>\ntel: 77 550 39 99, 22 256 29 76<br \/>\ne-mail: turawa@kakadu.pl<\/p>\n<p><strong>Pozna\u0144<\/strong><\/p>\n<p style=\"padding-left: 90px;\"><a href=\"https:\/\/kakadu.pl\/blog\/sklep-zoologiczny-kakadu-w-ch-avenida-poznan\/\/\"><strong>Sklep zoologiczny Kakadu w CH Avenida Pozna\u0144<\/strong><\/a><br \/>\nMatyi 2<br \/>\n61-586 Pozna\u0144<br \/>\ntel.: 22 256 29 53<br \/>\ne-mail: <a href=\"mailto:poznancc@kakadu.pl\">poznancc@kakadu.pl<\/a><\/p>\n<p><strong>Pu\u0142tusk<\/strong><\/p>\n<p style=\"padding-left: 90px;\"><a href=\"https:\/\/kakadu.pl\/blog\/sklep-zoologiczny-kakadu-w-vendo-park-w-pultusku\/\"><strong>Sklep zoologiczny Kakadu w Vendo Park Pu\u0142tusk<\/strong><\/a><br \/>\nul. Nowy Rynek 2B<br \/>\n06-100 Pu\u0142tusk<br \/>\ntel.: 22 256 29 70<br \/>\ne-mail: <a href=\"mailto:pultusk@kakadu.pl\">pultusk@kakadu.pl<\/a><\/p>\n<p><strong>Siedlce<\/strong><\/p>\n<p style=\"padding-left: 90px;\"><a href=\"https:\/\/kakadu.pl\/blog\/sklep-zoologiczny-kakadu-w-siedlcach\/\"><strong>Sklep zoologiczny Kakadu w Centrum STOP SHOP w Siedlcach<\/strong><\/a><br \/>\nul. \u0141ukowska 109<br \/>\n08-101 Siedlce<br \/>\ntel.: 22 256 29 72<br \/>\ne-mail: <a href=\"mailto:siedlce@kakadu.pl\">siedlce@kakadu.pl<\/a><\/p>\n<p><strong>Szczecin<\/strong><\/p>\n<p style=\"padding-left: 90px;\"><a href=\"https:\/\/kakadu.pl\/blog\/sklep-zoologiczny-kakadu-w-galerii-kaskada-w-szczecinie\/\"><strong>Sklep zoologiczny Kakadu w Galerii Kaskada w Szczecinie<\/strong><\/a><br \/>\nul. Aleja Niepodleg\u0142o\u015bci 36<br \/>\n70-404 Szczecin<br \/>\ntel.: 22 256 29 69<br \/>\ne-mail: <a href=\"mailto:kaskada@kakadu.pl\">kaskada@kakadu.pl<\/a><\/p>\n<p style=\"padding-left: 90px;\"><a title=\"Sklep zoologiczny Kakadu w Outlet Park Szczecin\" href=\"\/sklep-zoologiczny-kakadu-w-outlet-park-szczecin\/\"><strong>Sklep zoologiczny Kakadu w Outlet Park Szczecin<\/strong><\/a><br \/>\nul. A. Struga 42<br \/>\n70-784 Szczecin<br \/>\ntel.: 22 256 29 50<br \/>\ne-mail: <a href=\"mailto:ops@kakadu.pl\">ops@kakadu.pl<\/a><\/p>\n<p><strong>\u015awidnica<\/strong><\/p>\n<p style=\"padding-left: 90px;\"><a title=\"Sklep zoologiczny Kakadu w Parku Handlowym Vendo Park\" href=\"\/sklep-zoologiczny-kakadu-w-parku-handlowym-vendo-park-w-swidnicy\/\"><strong>Sklep zoologiczny Kakadu w Parku Handlowym Vendo Park<\/strong><\/a><br \/>\nul. Ceglana 4<br \/>\n58-100 \u015awidnica<br \/>\ntel.: 22 256 29 64<br \/>\ne-mail: <a href=\"mailto:swidnica@kakadu.pl\">swidnica@kakadu.pl<\/a><\/p>\n<p><strong>Turek<\/strong><\/p>\n<p style=\"padding-left: 90px;\"><a href=\"https:\/\/kakadu.pl\/blog\/sklep-zoologiczny-kakadu-w-parku-handlowym-karuzela-w-turku\/\" target=\"_blank\" rel=\"noopener\"><strong>Sklep zoologiczny Kakadu w Parku Handlowym Karuzela<\/strong><\/a><br \/>\nul. Milewskiego 7<br \/>\n62-700 Turek<br \/>\ntel.: 22 256 29 65<br \/>\ne-mail: <a href=\"mailto:turek@kakadu@.pl\" target=\"_blank\" rel=\"noopener\">turek@kakadu@.pl<\/a><\/p>\n<p><strong>Warszawa<\/strong><\/p>\n<p style=\"padding-left: 90px;\"><a title=\"Sklep zoologiczny Kakadu w Atrium Promenada\" href=\"\/sklep-zoologiczny-kakadu-w-atrium-promenada\/\"><strong>Sklep zoologiczny Kakadu w CH Atrium Promenada<\/strong><\/a><br \/>\nul. Ostrobramska 75 c<br \/>\n04 \u2013 175 Warszawa<br \/>\ntel.: 22 256 29 15<br \/>\ne-mail: <a href=\"mailto:promenada@kakadu.pl\">promenada@kakadu.pl<\/a><\/p>\n<p style=\"padding-left: 90px;\"><a title=\"Sklep zoologiczny Kakadu CH Atrium Reduta\" href=\"\/sklep-zoologiczny-kakadu-ch-atrium-reduta\/\"><strong>Sklep zoologiczny Kakadu CH Atrium Reduta<\/strong><\/a><br \/>\nal. Jerozolimskie 148<br \/>\n02- 326 Warszawa<br \/>\ntel.: 22 256 29 26<br \/>\ne-mail: <a href=\"mailto:reduta@kakadu.pl\">reduta@kakadu.pl<\/a><\/p>\n<p style=\"padding-left: 90px;\"><a title=\"Sklep zoologiczny Kakadu w CH Blue City\" href=\"\/sklep-zoologiczny-kakadu-w-ch-blue-city\/\"><strong>Sklep zoologiczny Kakadu w CH Blue City<\/strong><\/a><br \/>\nal. Jerozolimskie 179<br \/>\n02 \u2013 222 Warszawa<br \/>\ntel.: 22 256 29 22<br \/>\ne-mail: <a href=\"mailto:bluecity@kakadu.pl\">bluecity@kakadu.pl<\/a><\/p>\n<p style=\"padding-left: 90px;\"><a title=\"Sklep zoologiczny Kakadu CH Skorosze\" href=\"\/sklep-zoologiczny-kakadu-ch-skorosze\/\"><strong>Sklep zoologiczny Kakadu w Centrum Skorosze<\/strong><\/a><br \/>\nul. Sk\u0142adkowskiego 4<br \/>\n02 \u2013 497 Warszawa<br \/>\ntel.: 22 256 29 25<br \/>\ne-mail: <a href=\"mailto:skorosze@kakadu.pl\">skorosze@kakadu.pl<\/a><\/p>\n<p style=\"padding-left: 90px;\"><a title=\"Sklep zoologiczny Kakadu w CH Zielony Park Targ\u00f3wek\" href=\"\/sklep-zoologiczny-kakadu-w-ch-zielony-park-targowek\/\"><strong>Sklep zoologiczny Kakadu w CH Zielony Targ\u00f3wek<\/strong><\/a><br \/>\nul. G\u0142\u0119bocka 13<br \/>\n03 \u2013 287 Warszawa<br \/>\ntel.: 22 256 29 10<br \/>\ne-mail: <a href=\"mailto:zielonypark@kakadu.pl\">zielonypark@kakadu.pl<\/a><\/p>\n<p style=\"padding-left: 90px;\"><a title=\"Sklep zoologiczny Kakadu w Galerii Mokot\u00f3w\" href=\"\/sklep-zoologiczny-kakadu-w-galerii-mokotow\/\"><strong>Sklep zoologiczny Kakadu w Galerii Mokot\u00f3w<\/strong><\/a><br \/>\nul. Wo\u0142oska 12<br \/>\n02 \u2013 675 Warszawa<br \/>\ntel.: 22 256 29 23<br \/>\ne-mail: <a href=\"mailto:mokotow@kakadu.pl\">mokotow@kakadu.pl<\/a><\/p>\n<p style=\"padding-left: 90px;\"><a title=\"Sklep zoologiczny Kakadu w Galerii Renova\" href=\"\/sklep-zoologiczny-kakadu-w-galerii-renova\/\"><strong>Sklep zoologiczny Kakadu w Galerii Renova<\/strong><\/a><br \/>\nul. Rembieli\u0144ska 20<br \/>\n03 \u2013 352 Warszawa<br \/>\ntel.: 22 256 29 34<br \/>\ne-mail: <a href=\"mailto:rembielinska@kakadu.pl\">rembielinska@kakadu.pl<\/a><\/p>\n<p style=\"padding-left: 90px;\"><a title=\"Sklep zoologiczny Kakadu w Parku Handlowym City Park\" href=\"https:\/\/kakadu.pl\/blog\/sklep-zoologiczny-kakadu-w-ph-city-park\/\"><strong>Sklep zoologiczny Kakadu w Parku Handlowym City Park Lazurowa<\/strong><\/a><br \/>\nul. Lazurowa 69<br \/>\n01-314 Warszawa<br \/>\ntel.: 22 256 29 57<br \/>\ne-mail: <a href=\"mailto:lazurowa@kakadu.pl\">lazurowa@kakadu.pl<\/a><\/p>\n<p style=\"padding-left: 90px;\"><a title=\"Sklep zoologiczny Kakadu w Parku Handlowym Targ\u00f3wek\" href=\"\/sklep-zoologiczny-kakadu-w-parku-handlowym-targowek\/\"><strong>Sklep zoologiczny Kakadu w HOMEPARK Targ\u00f3wek<\/strong><\/a><br \/>\nul. Malborska 41<br \/>\n03 \u2013 286 Warszawa<br \/>\ntel.: 22 256 29 32<br \/>\ne-mail: <a href=\"mailto:targowek@kakadu.pl\">targowek@kakadu.pl<\/a><\/p>\n<p style=\"padding-left: 90px;\"><a title=\"Sklep zoologiczny Kakadu w Pawilonie Handlowym przy ulicy Korkowej\" href=\"\/sklep-zoologiczny-kakadu-przy-ul-korkowej-w-warszawie\/\"><strong>Sklep zoologiczny Kakadu w Pawilonie Handlowym przy ulicy Korkowej<\/strong><\/a><br \/>\nul. Korkowa 165<br \/>\n04 \u2013 549 Warszawa<br \/>\ntel.: 22 256 29 62<br \/>\ne-mail: <a href=\"mailto:korkowa@kakadu.pl\">korkowa@kakadu.pl<\/a><\/p>\n<p><strong>Warszawa\/Janki<\/strong><\/p>\n<p style=\"padding-left: 90px;\"><a title=\"Sklep zoologiczny Kakadu w CH Janki\" href=\"\/sklep-zoologiczny-kakadu-w-ch-janki\/\"><strong>Sklep zoologiczny Kakadu w PH Janki<\/strong><\/a><br \/>\nul. Mszczonowska 3<br \/>\n05 \u2013 090 Raszyn<br \/>\ntel.: 22 256 29 24<br \/>\ne-mail: <a href=\"mailto:janki@kakadu.pl\">janki@kakadu.pl<\/a><\/p>\n<p><strong>Warszawa\/Marki<\/strong><\/p>\n<p style=\"padding-left: 90px;\"><a title=\"Sklep zoologiczny Kakadu w CH Janki\" href=\"https:\/\/kakadu.pl\/blog\/sklep-zoologiczny-kakadu-w-ph-prima-park-w-markach\/\"><strong>Sklep zoologiczny Kakadu w CH Prima Park Marki<\/strong><\/a><br \/>\nal. Marsza\u0142ka J\u00f3zefa Pi\u0142sudskiego 200A<br \/>\n05 \u2013 260 Marki<br \/>\ntel.: 22 256 29 58<br \/>\ne-mail: <a href=\"mailto:marki@kakadu.pl\">marki@kakadu.pl<\/a><\/p>\n<p><strong>Warszawa\/Piaseczno<\/strong><\/p>\n<p style=\"padding-left: 90px;\"><a title=\"Sklep zoologiczny Kakadu w Auchan Piaseczno\" href=\"\/sklep-zoologiczny-kakadu-w-auchan-piaseczno\/\"><strong>Sklep zoologiczny Kakadu w CH Auchan Piaseczno<\/strong><\/a><br \/>\nul. Pu\u0142awska 46<br \/>\n05 \u2013 500 Piaseczno<br \/>\ntel.: 22 256 29 28<br \/>\ne-mail: <a href=\"mailto:piaseczno@kakadu.pl\">piaseczno@kakadu.pl<\/a><\/p>\n<p><strong>Warszawa\/Stara Iwiczna (Piaseczno)<\/strong><\/p>\n<p style=\"padding-left: 90px;\"><a title=\"Sklep zoologiczny Kakadu w N-Parku Starej Iwicznej\" href=\"\/sklep-zoologiczny-kakadu-w-n-park-w-starej-iwicznej-piaseczno\/\"><strong>Sklep zoologiczny Kakadu w N-Parku w Starej Iwicznej<\/strong><\/a><br \/>\nul. Nowa 4<br \/>\n05 \u2013 500 Stara Iwiczna<br \/>\ntel.: 22 256 29 68<br \/>\ne-mail: <a href=\"mailto:iwiczna@kakadu.pl\">iwiczna@kakadu.pl<\/a><\/p>\n<p><strong>Wroc\u0142aw<\/strong><\/p>\n<p style=\"padding-left: 90px;\"><a title=\"Sklep zoologiczny Kakadu w CH Futura Park Wroc\u0142aw\" href=\"https:\/\/kakadu.pl\/blog\/sklep-zoologiczny-kakadu-w-factoria-park-we-wroclawiu\/\"><strong>Sklep zoologiczny Kakadu w Factoria Park we Wroc\u0142awiu<\/strong><\/a><br \/>\nul. Graniczna 2 a<br \/>\n54 \u2013 610 Wroc\u0142aw<br \/>\ntel.: 22 256 29 21<br \/>\ne-mail: <a href=\"mailto:futura@kakadu.pl\">futura@kakadu.pl<\/a><\/p>\n<p style=\"padding-left: 90px;\"><a title=\"Sklep zoologiczny Kakadu w CH Marino\" href=\"\/sklep-zoologiczny-kakadu-w-ch-marino\/\"><strong>Sklep zoologiczny Kakadu w CH Marino<\/strong><\/a><br \/>\nul. Paprotna 7 lok. 037<br \/>\n51 \u2013 117 Wroc\u0142aw<br \/>\ntel.: 22 256 29 29<br \/>\ne-mail: <a href=\"mailto:marino@kakadu.pl\">marino@kakadu.pl<\/a><\/p>\n<p style=\"padding-left: 90px;\"><a title=\"Sklep Zoologiczny Kakadu w CH Park Handlowy M\u0142yn\" href=\"\/sklep-zoologiczny-kakadu-w-ch-park-handlowy-mlyn\"><strong>Sklep Zoologiczny Kakadu w CH Park Handlowy M\u0142yn<\/strong><\/a><br \/>\nul. B. Krzywoustego 110<br \/>\n51 \u2013 421 Wroc\u0142aw<br \/>\ntel.: 22 256 29 33<br \/>\ne-mail: <a href=\"mailto:mlyn@kakadu.pl\">mlyn@kakadu.pl<\/a><\/p>\n<p style=\"padding-left: 90px;\"><a title=\"Sklep zoologiczny Kakadu w Galerii Borek\" href=\"\/sklep-zoologiczny-kakadu-w-galerii-borek\"><strong>Sklep zoologiczny Kakadu w Galerii Borek<\/strong><\/a><br \/>\nal. Genera\u0142a J. Hallera 52<br \/>\n50 \u2013 984 Wroc\u0142aw<br \/>\ntel.: 22 256 29 20<br \/>\ne-mail: <a href=\"mailto:bonarka@kakadu.pl\">borek@kakadu.pl<\/a><\/p>\n<p style=\"padding-left: 90px;\"><a title=\"Sklep zoologiczny Kakadu w N-Parku we Wroc\u0142awiu\" href=\"\/sklep-zoologiczny-kakadu-w-parku-handlowym-n-park-we-wroclawiu\"><strong>Sklep zoologiczny Kakadu w N-Parku we Wroc\u0142awiu<\/strong><\/a><br \/>\nul. Jurija Gagarina 27<br \/>\n54 \u2013 620 Wroc\u0142aw<br \/>\ntel.: 22 256 29 63<br \/>\ne-mail: <a href=\"mailto:gagarina@kakadu.pl\">gagarina@kakadu.pl<\/a><\/p>\n<p><strong>Zamo\u015b\u0107<\/strong><\/p>\n<p style=\"padding-left: 90px;\"><a href=\"https:\/\/kakadu.pl\/blog\/sklep-zoologiczny-kakadu-w-zamosciu\/\"><strong>Sklep zoologiczny Kakadu w Parku Handlowym Zamo\u015b\u0107<\/strong><\/a><br \/>\nul. Hrubieszowska 9<br \/>\n22 \u2013 400 Zamo\u015b\u0107<br \/>\ntel.: 22 256 29 71<br \/>\ne-mail: <a href=\"mailto:zamosc@kakadu.pl\">zamosc@kakadu.pl<\/a><\/p>\n<p style=\"padding-left: 90px;\">\n","protected":false},"excerpt":{"rendered":"<p>KONTAKT Z BIUREM Sie\u0107 sklep\u00f3w zoologicznych Kakadu ul. Annopol 4a 03-236 Warszawa tel. 22 762 97 07 fax. 22 762 97 17 e-mail: kakadu@kakadu.pl Lista i dane adresowe oraz kontaktowe...<\/p>\n","protected":false},"author":1,"featured_media":0,"parent":0,"menu_order":0,"comment_status":"open","ping_status":"open","template":"","meta":{"inline_featured_image":false,"footnotes":""},"yoast_head":"<!-- This site is optimized with the Yoast SEO plugin v22.4 - https:\/\/yoast.com\/wordpress\/plugins\/seo\/ -->\n<title>Kontakt | Blog o \ud83d\udc36\ud83d\udc31\ud83d\udc39 Kakadu.pl<\/title>\n<meta name=\"robots\" content=\"index, follow, max-snippet:-1, max-image-preview:large, max-video-preview:-1\" \/>\n<link rel=\"canonical\" href=\"https:\/\/kakadu.pl\/blog\/kontakt\/\" \/>\n<meta property=\"og:locale\" content=\"pl_PL\" \/>\n<meta property=\"og:type\" content=\"article\" \/>\n<meta property=\"og:title\" content=\"Kontakt | Blog o \ud83d\udc36\ud83d\udc31\ud83d\udc39 Kakadu.pl\" \/>\n<meta property=\"og:description\" content=\"KONTAKT Z BIUREM Sie\u0107 sklep\u00f3w zoologicznych Kakadu ul. Annopol 4a 03-236 Warszawa tel. 22 762 97 07 fax. 22 762 97 17 e-mail: kakadu@kakadu.pl Lista i dane adresowe oraz kontaktowe...\" \/>\n<meta property=\"og:url\" content=\"https:\/\/kakadu.pl\/blog\/kontakt\/\" \/>\n<meta property=\"og:site_name\" content=\"Sie\u0107 sklep\u00f3w zoologicznych Kakadu\" \/>\n<meta property=\"article:modified_time\" content=\"2022-10-28T08:58:00+00:00\" \/>\n<meta name=\"twitter:card\" content=\"summary_large_image\" \/>\n<meta name=\"twitter:label1\" content=\"Szacowany czas czytania\" \/>\n\t<meta name=\"twitter:data1\" content=\"7 minut\" \/>\n<script type=\"application\/ld+json\" class=\"yoast-schema-graph\">{\"@context\":\"https:\/\/schema.org\",\"@graph\":[{\"@type\":\"WebPage\",\"@id\":\"https:\/\/kakadu.pl\/blog\/kontakt\/\",\"url\":\"https:\/\/kakadu.pl\/blog\/kontakt\/\",\"name\":\"Kontakt | Blog o \ud83d\udc36\ud83d\udc31\ud83d\udc39 Kakadu.pl\",\"isPartOf\":{\"@id\":\"https:\/\/kakadu.pl\/blog\/#website\"},\"datePublished\":\"2014-05-23T08:14:45+00:00\",\"dateModified\":\"2022-10-28T08:58:00+00:00\",\"breadcrumb\":{\"@id\":\"https:\/\/kakadu.pl\/blog\/kontakt\/#breadcrumb\"},\"inLanguage\":\"pl-PL\",\"potentialAction\":[{\"@type\":\"ReadAction\",\"target\":[\"https:\/\/kakadu.pl\/blog\/kontakt\/\"]}]},{\"@type\":\"BreadcrumbList\",\"@id\":\"https:\/\/kakadu.pl\/blog\/kontakt\/#breadcrumb\",\"itemListElement\":[{\"@type\":\"ListItem\",\"position\":1,\"name\":\"Blog\",\"item\":\"https:\/\/kakadu.pl\/blog\/\"},{\"@type\":\"ListItem\",\"position\":2,\"name\":\"Kontakt\"}]},{\"@type\":\"WebSite\",\"@id\":\"https:\/\/kakadu.pl\/blog\/#website\",\"url\":\"https:\/\/kakadu.pl\/blog\/\",\"name\":\"Sie\u0107 sklep\u00f3w zoologicznych Kakadu\",\"description\":\"Profesjonalna sie\u0107 sklep\u00f3w zoologicznych\",\"potentialAction\":[{\"@type\":\"SearchAction\",\"target\":{\"@type\":\"EntryPoint\",\"urlTemplate\":\"https:\/\/kakadu.pl\/blog\/?s={search_term_string}\"},\"query-input\":\"required name=search_term_string\"}],\"inLanguage\":\"pl-PL\"}]}<\/script>\n<!-- \/ Yoast SEO plugin. -->","yoast_head_json":{"title":"Kontakt | Blog o \ud83d\udc36\ud83d\udc31\ud83d\udc39 Kakadu.pl","robots":{"index":"index","follow":"follow","max-snippet":"max-snippet:-1","max-image-preview":"max-image-preview:large","max-video-preview":"max-video-preview:-1"},"canonical":"https:\/\/kakadu.pl\/blog\/kontakt\/","og_locale":"pl_PL","og_type":"article","og_title":"Kontakt | Blog o \ud83d\udc36\ud83d\udc31\ud83d\udc39 Kakadu.pl","og_description":"KONTAKT Z BIUREM Sie\u0107 sklep\u00f3w zoologicznych Kakadu ul. Annopol 4a 03-236 Warszawa tel. 22 762 97 07 fax. 22 762 97 17 e-mail: kakadu@kakadu.pl Lista i dane adresowe oraz kontaktowe...","og_url":"https:\/\/kakadu.pl\/blog\/kontakt\/","og_site_name":"Sie\u0107 sklep\u00f3w zoologicznych Kakadu","article_modified_time":"2022-10-28T08:58:00+00:00","twitter_card":"summary_large_image","twitter_misc":{"Szacowany czas czytania":"7 minut"},"schema":{"@context":"https:\/\/schema.org","@graph":[{"@type":"WebPage","@id":"https:\/\/kakadu.pl\/blog\/kontakt\/","url":"https:\/\/kakadu.pl\/blog\/kontakt\/","name":"Kontakt | Blog o \ud83d\udc36\ud83d\udc31\ud83d\udc39 Kakadu.pl","isPartOf":{"@id":"https:\/\/kakadu.pl\/blog\/#website"},"datePublished":"2014-05-23T08:14:45+00:00","dateModified":"2022-10-28T08:58:00+00:00","breadcrumb":{"@id":"https:\/\/kakadu.pl\/blog\/kontakt\/#breadcrumb"},"inLanguage":"pl-PL","potentialAction":[{"@type":"ReadAction","target":["https:\/\/kakadu.pl\/blog\/kontakt\/"]}]},{"@type":"BreadcrumbList","@id":"https:\/\/kakadu.pl\/blog\/kontakt\/#breadcrumb","itemListElement":[{"@type":"ListItem","position":1,"name":"Blog","item":"https:\/\/kakadu.pl\/blog\/"},{"@type":"ListItem","position":2,"name":"Kontakt"}]},{"@type":"WebSite","@id":"https:\/\/kakadu.pl\/blog\/#website","url":"https:\/\/kakadu.pl\/blog\/","name":"Sie\u0107 sklep\u00f3w zoologicznych Kakadu","description":"Profesjonalna sie\u0107 sklep\u00f3w zoologicznych","potentialAction":[{"@type":"SearchAction","target":{"@type":"EntryPoint","urlTemplate":"https:\/\/kakadu.pl\/blog\/?s={search_term_string}"},"query-input":"required name=search_term_string"}],"inLanguage":"pl-PL"}]}},"_links":{"self":[{"href":"https:\/\/kakadu.pl\/blog\/wp-json\/wp\/v2\/pages\/35"}],"collection":[{"href":"https:\/\/kakadu.pl\/blog\/wp-json\/wp\/v2\/pages"}],"about":[{"href":"https:\/\/kakadu.pl\/blog\/wp-json\/wp\/v2\/types\/page"}],"author":[{"embeddable":true,"href":"https:\/\/kakadu.pl\/blog\/wp-json\/wp\/v2\/users\/1"}],"replies":[{"embeddable":true,"href":"https:\/\/kakadu.pl\/blog\/wp-json\/wp\/v2\/comments?post=35"}],"version-history":[{"count":1,"href":"https:\/\/kakadu.pl\/blog\/wp-json\/wp\/v2\/pages\/35\/revisions"}],"predecessor-version":[{"id":28592,"href":"https:\/\/kakadu.pl\/blog\/wp-json\/wp\/v2\/pages\/35\/revisions\/28592"}],"wp:attachment":[{"href":"https:\/\/kakadu.pl\/blog\/wp-json\/wp\/v2\/media?parent=35"}],"curies":[{"name":"wp","href":"https:\/\/api.w.org\/{rel}","templated":true}]}}