{"id":31870,"date":"2024-04-19T10:06:56","date_gmt":"2024-04-19T08:06:56","guid":{"rendered":"https:\/\/kakadu.pl\/blog\/?page_id=31870"},"modified":"2024-04-19T10:09:09","modified_gmt":"2024-04-19T08:09:09","slug":"nowa-gazetka","status":"publish","type":"page","link":"https:\/\/kakadu.pl\/blog\/nowa-gazetka\/","title":{"rendered":"Nowa Gazetka"},"content":{"rendered":"<p style=\"text-align: center;\"><a class=\"fp-embed\" style=\"max-width: 100%;\" href=\"https:\/\/787a075f.flowpaper.com\/Kakaduzoogazetkam\/\" data-fp-width=\"400px\" data-fp-height=\"300px\">Kakadu_zoo_gazetka_m<\/a><script async defer src=\"https:\/\/cdn-online.flowpaper.com\/zine\/3.8.4\/js\/embed.min.js\"><\/script><\/p>\n\n\n<p><\/p>\n\n\n\n<p><strong style=\"color: initial;\"><br><\/strong><\/p>\n","protected":false},"excerpt":{"rendered":"<p>Kakadu_zoo_gazetka_m<\/p>\n","protected":false},"author":2,"featured_media":0,"parent":0,"menu_order":0,"comment_status":"closed","ping_status":"closed","template":"","meta":{"inline_featured_image":false,"footnotes":""},"yoast_head":"<!-- This site is optimized with the Yoast SEO plugin v22.4 - https:\/\/yoast.com\/wordpress\/plugins\/seo\/ -->\n<title>Nowa Gazetka | Blog o \ud83d\udc36\ud83d\udc31\ud83d\udc39 Kakadu.pl<\/title>\n<meta name=\"robots\" content=\"index, follow, max-snippet:-1, max-image-preview:large, max-video-preview:-1\" \/>\n<link rel=\"canonical\" href=\"https:\/\/kakadu.pl\/blog\/nowa-gazetka\/\" \/>\n<meta property=\"og:locale\" content=\"pl_PL\" \/>\n<meta property=\"og:type\" content=\"article\" \/>\n<meta property=\"og:title\" content=\"Nowa Gazetka | Blog o \ud83d\udc36\ud83d\udc31\ud83d\udc39 Kakadu.pl\" \/>\n<meta property=\"og:description\" content=\"Kakadu_zoo_gazetka_m\" \/>\n<meta property=\"og:url\" content=\"https:\/\/kakadu.pl\/blog\/nowa-gazetka\/\" \/>\n<meta property=\"og:site_name\" content=\"Sie\u0107 sklep\u00f3w zoologicznych Kakadu\" \/>\n<meta property=\"article:modified_time\" content=\"2024-04-19T08:09:09+00:00\" \/>\n<meta name=\"twitter:card\" content=\"summary_large_image\" \/>\n<meta name=\"twitter:label1\" content=\"Szacowany czas czytania\" \/>\n\t<meta name=\"twitter:data1\" content=\"1 minuta\" \/>\n<script type=\"application\/ld+json\" class=\"yoast-schema-graph\">{\"@context\":\"https:\/\/schema.org\",\"@graph\":[{\"@type\":\"WebPage\",\"@id\":\"https:\/\/kakadu.pl\/blog\/nowa-gazetka\/\",\"url\":\"https:\/\/kakadu.pl\/blog\/nowa-gazetka\/\",\"name\":\"Nowa Gazetka | Blog o \ud83d\udc36\ud83d\udc31\ud83d\udc39 Kakadu.pl\",\"isPartOf\":{\"@id\":\"https:\/\/kakadu.pl\/blog\/#website\"},\"datePublished\":\"2024-04-19T08:06:56+00:00\",\"dateModified\":\"2024-04-19T08:09:09+00:00\",\"breadcrumb\":{\"@id\":\"https:\/\/kakadu.pl\/blog\/nowa-gazetka\/#breadcrumb\"},\"inLanguage\":\"pl-PL\",\"potentialAction\":[{\"@type\":\"ReadAction\",\"target\":[\"https:\/\/kakadu.pl\/blog\/nowa-gazetka\/\"]}]},{\"@type\":\"BreadcrumbList\",\"@id\":\"https:\/\/kakadu.pl\/blog\/nowa-gazetka\/#breadcrumb\",\"itemListElement\":[{\"@type\":\"ListItem\",\"position\":1,\"name\":\"Blog\",\"item\":\"https:\/\/kakadu.pl\/blog\/\"},{\"@type\":\"ListItem\",\"position\":2,\"name\":\"Nowa Gazetka\"}]},{\"@type\":\"WebSite\",\"@id\":\"https:\/\/kakadu.pl\/blog\/#website\",\"url\":\"https:\/\/kakadu.pl\/blog\/\",\"name\":\"Sie\u0107 sklep\u00f3w zoologicznych Kakadu\",\"description\":\"Profesjonalna sie\u0107 sklep\u00f3w zoologicznych\",\"potentialAction\":[{\"@type\":\"SearchAction\",\"target\":{\"@type\":\"EntryPoint\",\"urlTemplate\":\"https:\/\/kakadu.pl\/blog\/?s={search_term_string}\"},\"query-input\":\"required name=search_term_string\"}],\"inLanguage\":\"pl-PL\"}]}<\/script>\n<!-- \/ Yoast SEO plugin. -->","yoast_head_json":{"title":"Nowa Gazetka | Blog o \ud83d\udc36\ud83d\udc31\ud83d\udc39 Kakadu.pl","robots":{"index":"index","follow":"follow","max-snippet":"max-snippet:-1","max-image-preview":"max-image-preview:large","max-video-preview":"max-video-preview:-1"},"canonical":"https:\/\/kakadu.pl\/blog\/nowa-gazetka\/","og_locale":"pl_PL","og_type":"article","og_title":"Nowa Gazetka | Blog o \ud83d\udc36\ud83d\udc31\ud83d\udc39 Kakadu.pl","og_description":"Kakadu_zoo_gazetka_m","og_url":"https:\/\/kakadu.pl\/blog\/nowa-gazetka\/","og_site_name":"Sie\u0107 sklep\u00f3w zoologicznych Kakadu","article_modified_time":"2024-04-19T08:09:09+00:00","twitter_card":"summary_large_image","twitter_misc":{"Szacowany czas czytania":"1 minuta"},"schema":{"@context":"https:\/\/schema.org","@graph":[{"@type":"WebPage","@id":"https:\/\/kakadu.pl\/blog\/nowa-gazetka\/","url":"https:\/\/kakadu.pl\/blog\/nowa-gazetka\/","name":"Nowa Gazetka | Blog o \ud83d\udc36\ud83d\udc31\ud83d\udc39 Kakadu.pl","isPartOf":{"@id":"https:\/\/kakadu.pl\/blog\/#website"},"datePublished":"2024-04-19T08:06:56+00:00","dateModified":"2024-04-19T08:09:09+00:00","breadcrumb":{"@id":"https:\/\/kakadu.pl\/blog\/nowa-gazetka\/#breadcrumb"},"inLanguage":"pl-PL","potentialAction":[{"@type":"ReadAction","target":["https:\/\/kakadu.pl\/blog\/nowa-gazetka\/"]}]},{"@type":"BreadcrumbList","@id":"https:\/\/kakadu.pl\/blog\/nowa-gazetka\/#breadcrumb","itemListElement":[{"@type":"ListItem","position":1,"name":"Blog","item":"https:\/\/kakadu.pl\/blog\/"},{"@type":"ListItem","position":2,"name":"Nowa Gazetka"}]},{"@type":"WebSite","@id":"https:\/\/kakadu.pl\/blog\/#website","url":"https:\/\/kakadu.pl\/blog\/","name":"Sie\u0107 sklep\u00f3w zoologicznych Kakadu","description":"Profesjonalna sie\u0107 sklep\u00f3w zoologicznych","potentialAction":[{"@type":"SearchAction","target":{"@type":"EntryPoint","urlTemplate":"https:\/\/kakadu.pl\/blog\/?s={search_term_string}"},"query-input":"required name=search_term_string"}],"inLanguage":"pl-PL"}]}},"_links":{"self":[{"href":"https:\/\/kakadu.pl\/blog\/wp-json\/wp\/v2\/pages\/31870"}],"collection":[{"href":"https:\/\/kakadu.pl\/blog\/wp-json\/wp\/v2\/pages"}],"about":[{"href":"https:\/\/kakadu.pl\/blog\/wp-json\/wp\/v2\/types\/page"}],"author":[{"embeddable":true,"href":"https:\/\/kakadu.pl\/blog\/wp-json\/wp\/v2\/users\/2"}],"replies":[{"embeddable":true,"href":"https:\/\/kakadu.pl\/blog\/wp-json\/wp\/v2\/comments?post=31870"}],"version-history":[{"count":4,"href":"https:\/\/kakadu.pl\/blog\/wp-json\/wp\/v2\/pages\/31870\/revisions"}],"predecessor-version":[{"id":31875,"href":"https:\/\/kakadu.pl\/blog\/wp-json\/wp\/v2\/pages\/31870\/revisions\/31875"}],"wp:attachment":[{"href":"https:\/\/kakadu.pl\/blog\/wp-json\/wp\/v2\/media?parent=31870"}],"curies":[{"name":"wp","href":"https:\/\/api.w.org\/{rel}","templated":true}]}}