{"id":29538,"date":"2023-05-31T13:18:26","date_gmt":"2023-05-31T11:18:26","guid":{"rendered":"https:\/\/kakadu.pl\/blog\/?page_id=29538"},"modified":"2023-06-09T09:10:25","modified_gmt":"2023-06-09T07:10:25","slug":"wakacje-cenowe-z-kakadu-zoo-family","status":"publish","type":"page","link":"https:\/\/kakadu.pl\/blog\/wakacje-cenowe-z-kakadu-zoo-family\/","title":{"rendered":"Wakacje cenowe z Kakadu Zoo Family"},"content":{"rendered":"\n<p>Czas na wakacje cenowe all inclusive \ud83c\udfd6 Do\u0142\u0105cz do Kakadu Zoo Family i skorzystaj z promocji -25% na wybrane karmy i przysmaki dla ps\u00f3w \ud83d\udecd Wystarczy pobra\u0107 aplikacj\u0119 na sw\u00f3j smartfon lub za\u0142o\u017cy\u0107 kart\u0119 w jednym z naszych sklep\u00f3w stacjonarnych, aby cieszy\u0107 si\u0119 niezwyk\u0142ymi rabatami \ud83e\udd11 Sprawd\u017a, jakie to proste.<\/p>\n\n\n\n<p>To nie koniec niespodzianek! Rabat jest aktywny r\u00f3wnie\u017c w naszym sklepie online - ka\u017cdy klubowicz otrzyma wiadomo\u015b\u0107 SMS z tajnym kodem rabatowym \ud83d\udc40 <\/p>\n\n\n\n<p>W sklepie online produkty obj\u0119te promocj\u0105 znajduj\u0105 si\u0119 w kategorii <a href=\"https:\/\/kakadu.pl\/424-promocje-kakadu-family-dla-psa\/\">PROMOCJE KAKADU ZOO FAMILY.<\/a><\/p>\n\n\n\n<p>Do\u0142\u0105cz do rodziny Kakadu Zoo Family i kupuj taniej! \u2728 <\/p>\n\n\n<div class=\"wp-block-image\">\n<figure class=\"aligncenter size-large\"><a href=\"https:\/\/kakadu.pl\/blog\/wp-content\/uploads\/2023\/06\/2Kod-rabatowy.png\"><img decoding=\"async\" loading=\"lazy\" width=\"1024\" height=\"456\" src=\"https:\/\/kakadu.pl\/blog\/wp-content\/uploads\/2023\/06\/2Kod-rabatowy-1024x456.png\" alt=\"\" class=\"wp-image-29707\" srcset=\"https:\/\/kakadu.pl\/blog\/wp-content\/uploads\/2023\/06\/2Kod-rabatowy-1024x456.png 1024w, https:\/\/kakadu.pl\/blog\/wp-content\/uploads\/2023\/06\/2Kod-rabatowy-300x134.png 300w, https:\/\/kakadu.pl\/blog\/wp-content\/uploads\/2023\/06\/2Kod-rabatowy-768x342.png 768w, https:\/\/kakadu.pl\/blog\/wp-content\/uploads\/2023\/06\/2Kod-rabatowy.png 1200w\" sizes=\"(max-width: 1024px) 100vw, 1024px\" \/><\/a><\/figure><\/div>\n\n\n<p><br>*oferta tylko dla cz\u0142onk\u00f3w programu Kakadu Zoo Family, wa\u017cna w dniach 9-25.06.2023 r.<\/p>\n\n\n\n<p><a href=\"https:\/\/kakadu.pl\/blog\/wp-content\/uploads\/2023\/06\/Regulamin-promocji-Wakacje-cenowe-kakadu.pdf\" target=\"_blank\" rel=\"noreferrer noopener\">REGULAMIN PROMOCJI \u201eWakacje cenowe\u201d -25%<\/a><br><a href=\"https:\/\/kakadu.pl\/blog\/wp-content\/uploads\/2023\/06\/Zalacznik_nr_1_promocji_Wakacje_cenowe_kakadu-25proc_czerwiec_2023.pdf\">ZA\u0141\u0104CZNIK NR1 DO PROMOCJI \u201eWakacje cenowe\u201d -25%<\/a><\/p>\n\n\n\n<div class=\"wp-block-columns is-layout-flex wp-container-3 wp-block-columns-is-layout-flex\">\n<div class=\"wp-block-column is-layout-flow wp-block-column-is-layout-flow\"><div class=\"wp-block-image\">\n<figure class=\"aligncenter size-full\"><a href=\"https:\/\/play.google.com\/store\/apps\/details?id=com.digonekakaduzoo&amp;utm_source=push&amp;utm_medium=push&amp;utm_campaign=wakacje\"><img decoding=\"async\" loading=\"lazy\" width=\"174\" height=\"51\" src=\"https:\/\/kakadu.pl\/blog\/wp-content\/uploads\/2021\/08\/Google.png\" alt=\"\" class=\"wp-image-24530\"\/><\/a><\/figure><\/div><\/div>\n\n\n\n<div class=\"wp-block-column is-layout-flow wp-block-column-is-layout-flow\"><div class=\"wp-block-image\">\n<figure class=\"aligncenter size-full\"><a href=\"https:\/\/apps.apple.com\/pl\/app\/kakadu-zoo-family\/id1635553370?utm_source=push&amp;utm_medium=push\"><img decoding=\"async\" loading=\"lazy\" width=\"174\" height=\"51\" src=\"https:\/\/kakadu.pl\/blog\/wp-content\/uploads\/2021\/08\/App-Store.png\" alt=\"\" class=\"wp-image-24531\"\/><\/a><\/figure><\/div><\/div>\n<\/div>\n\n\n\n<figure class=\"wp-block-gallery has-nested-images columns-2 is-cropped promo-galeria wp-block-gallery-4 is-layout-flex wp-block-gallery-is-layout-flex\">\n<figure class=\"wp-block-image size-large\"><a href=\"https:\/\/kakadu.pl\/blog\/wp-content\/uploads\/2023\/05\/Sekcja_1.png\"><img decoding=\"async\" loading=\"lazy\" width=\"601\" height=\"701\" data-id=\"29545\" src=\"https:\/\/kakadu.pl\/blog\/wp-content\/uploads\/2023\/05\/Sekcja_1.png\" alt=\"\" class=\"wp-image-29545\" srcset=\"https:\/\/kakadu.pl\/blog\/wp-content\/uploads\/2023\/05\/Sekcja_1.png 601w, https:\/\/kakadu.pl\/blog\/wp-content\/uploads\/2023\/05\/Sekcja_1-257x300.png 257w\" sizes=\"(max-width: 601px) 100vw, 601px\" \/><\/a><\/figure>\n\n\n\n<figure class=\"wp-block-image size-large\"><a href=\"https:\/\/kakadu.pl\/blog\/wp-content\/uploads\/2023\/05\/Sekcja_2_2.jpg\"><img decoding=\"async\" loading=\"lazy\" width=\"600\" height=\"700\" data-id=\"29592\" src=\"https:\/\/kakadu.pl\/blog\/wp-content\/uploads\/2023\/05\/Sekcja_2_2.jpg\" alt=\"\" class=\"wp-image-29592\" srcset=\"https:\/\/kakadu.pl\/blog\/wp-content\/uploads\/2023\/05\/Sekcja_2_2.jpg 600w, https:\/\/kakadu.pl\/blog\/wp-content\/uploads\/2023\/05\/Sekcja_2_2-257x300.jpg 257w\" sizes=\"(max-width: 600px) 100vw, 600px\" \/><\/a><\/figure>\n\n\n\n<figure class=\"wp-block-image size-large\"><a href=\"https:\/\/kakadu.pl\/blog\/wp-content\/uploads\/2023\/05\/Sekcja_3.png\"><img decoding=\"async\" loading=\"lazy\" width=\"601\" height=\"525\" data-id=\"29544\" src=\"https:\/\/kakadu.pl\/blog\/wp-content\/uploads\/2023\/05\/Sekcja_3.png\" alt=\"\" class=\"wp-image-29544\" srcset=\"https:\/\/kakadu.pl\/blog\/wp-content\/uploads\/2023\/05\/Sekcja_3.png 601w, https:\/\/kakadu.pl\/blog\/wp-content\/uploads\/2023\/05\/Sekcja_3-300x262.png 300w\" sizes=\"(max-width: 601px) 100vw, 601px\" \/><\/a><\/figure>\n\n\n\n<figure class=\"wp-block-image size-full\"><a href=\"https:\/\/kakadu.pl\/blog\/wp-content\/uploads\/2023\/06\/Sekcja_4_2-1-1.jpg\"><img decoding=\"async\" loading=\"lazy\" width=\"600\" height=\"524\" data-id=\"29689\" src=\"https:\/\/kakadu.pl\/blog\/wp-content\/uploads\/2023\/06\/Sekcja_4_2-1-1.jpg\" alt=\"\" class=\"wp-image-29689\" srcset=\"https:\/\/kakadu.pl\/blog\/wp-content\/uploads\/2023\/06\/Sekcja_4_2-1-1.jpg 600w, https:\/\/kakadu.pl\/blog\/wp-content\/uploads\/2023\/06\/Sekcja_4_2-1-1-300x262.jpg 300w\" sizes=\"(max-width: 600px) 100vw, 600px\" \/><\/a><\/figure>\n\n\n\n<figure class=\"wp-block-image size-large\"><a href=\"https:\/\/kakadu.pl\/nasze-sklepy\/\"><img decoding=\"async\" loading=\"lazy\" width=\"1024\" height=\"1024\" data-id=\"29708\" src=\"https:\/\/kakadu.pl\/blog\/wp-content\/uploads\/2023\/06\/03-03_Poznaj-nas-blizej_V2-1024x1024.jpg\" alt=\"\" class=\"wp-image-29708\" srcset=\"https:\/\/kakadu.pl\/blog\/wp-content\/uploads\/2023\/06\/03-03_Poznaj-nas-blizej_V2-1024x1024.jpg 1024w, https:\/\/kakadu.pl\/blog\/wp-content\/uploads\/2023\/06\/03-03_Poznaj-nas-blizej_V2-300x300.jpg 300w, https:\/\/kakadu.pl\/blog\/wp-content\/uploads\/2023\/06\/03-03_Poznaj-nas-blizej_V2-150x150.jpg 150w, https:\/\/kakadu.pl\/blog\/wp-content\/uploads\/2023\/06\/03-03_Poznaj-nas-blizej_V2-768x768.jpg 768w, https:\/\/kakadu.pl\/blog\/wp-content\/uploads\/2023\/06\/03-03_Poznaj-nas-blizej_V2.jpg 1080w\" sizes=\"(max-width: 1024px) 100vw, 1024px\" \/><\/a><\/figure>\n<\/figure>\n\n\n\n<figure class=\"wp-block-gallery has-nested-images columns-1 is-cropped promo-galeria2 wp-block-gallery-6 is-layout-flex wp-block-gallery-is-layout-flex\">\n<figure class=\"wp-block-image size-large promo-galeria2\"><a href=\"https:\/\/kakadu.pl\/blog\/wp-content\/uploads\/2023\/05\/Sekcja_1.png\"><img decoding=\"async\" loading=\"lazy\" width=\"601\" height=\"701\" data-id=\"29545\" src=\"https:\/\/kakadu.pl\/blog\/wp-content\/uploads\/2023\/05\/Sekcja_1.png\" alt=\"\" class=\"wp-image-29545\" srcset=\"https:\/\/kakadu.pl\/blog\/wp-content\/uploads\/2023\/05\/Sekcja_1.png 601w, https:\/\/kakadu.pl\/blog\/wp-content\/uploads\/2023\/05\/Sekcja_1-257x300.png 257w\" sizes=\"(max-width: 601px) 100vw, 601px\" \/><\/a><\/figure>\n\n\n\n<figure class=\"wp-block-image size-large\"><a href=\"https:\/\/kakadu.pl\/blog\/wp-content\/uploads\/2023\/05\/Sekcja_3.png\"><img decoding=\"async\" loading=\"lazy\" width=\"601\" height=\"525\" data-id=\"29544\" src=\"https:\/\/kakadu.pl\/blog\/wp-content\/uploads\/2023\/05\/Sekcja_3.png\" alt=\"\" class=\"wp-image-29544\" srcset=\"https:\/\/kakadu.pl\/blog\/wp-content\/uploads\/2023\/05\/Sekcja_3.png 601w, https:\/\/kakadu.pl\/blog\/wp-content\/uploads\/2023\/05\/Sekcja_3-300x262.png 300w\" sizes=\"(max-width: 601px) 100vw, 601px\" \/><\/a><\/figure>\n\n\n\n<figure class=\"wp-block-image size-large\"><a href=\"https:\/\/kakadu.pl\/blog\/wp-content\/uploads\/2023\/05\/Sekcja_2_2.jpg\"><img decoding=\"async\" loading=\"lazy\" width=\"600\" height=\"700\" data-id=\"29592\" src=\"https:\/\/kakadu.pl\/blog\/wp-content\/uploads\/2023\/05\/Sekcja_2_2.jpg\" alt=\"\" class=\"wp-image-29592\" srcset=\"https:\/\/kakadu.pl\/blog\/wp-content\/uploads\/2023\/05\/Sekcja_2_2.jpg 600w, https:\/\/kakadu.pl\/blog\/wp-content\/uploads\/2023\/05\/Sekcja_2_2-257x300.jpg 257w\" sizes=\"(max-width: 600px) 100vw, 600px\" \/><\/a><\/figure>\n\n\n\n<figure class=\"wp-block-image size-full\"><a href=\"https:\/\/kakadu.pl\/blog\/wp-content\/uploads\/2023\/06\/Sekcja_4_2-1-1.jpg\"><img decoding=\"async\" loading=\"lazy\" width=\"600\" height=\"524\" data-id=\"29689\" src=\"https:\/\/kakadu.pl\/blog\/wp-content\/uploads\/2023\/06\/Sekcja_4_2-1-1.jpg\" alt=\"\" class=\"wp-image-29689\" srcset=\"https:\/\/kakadu.pl\/blog\/wp-content\/uploads\/2023\/06\/Sekcja_4_2-1-1.jpg 600w, https:\/\/kakadu.pl\/blog\/wp-content\/uploads\/2023\/06\/Sekcja_4_2-1-1-300x262.jpg 300w\" sizes=\"(max-width: 600px) 100vw, 600px\" \/><\/a><\/figure>\n\n\n\n<figure class=\"wp-block-image size-large\"><a href=\"https:\/\/kakadu.pl\/nasze-sklepy\/\"><img decoding=\"async\" loading=\"lazy\" width=\"1080\" height=\"1080\" data-id=\"29708\" src=\"https:\/\/kakadu.pl\/blog\/wp-content\/uploads\/2023\/06\/03-03_Poznaj-nas-blizej_V2.jpg\" alt=\"\" class=\"wp-image-29708\" srcset=\"https:\/\/kakadu.pl\/blog\/wp-content\/uploads\/2023\/06\/03-03_Poznaj-nas-blizej_V2.jpg 1080w, https:\/\/kakadu.pl\/blog\/wp-content\/uploads\/2023\/06\/03-03_Poznaj-nas-blizej_V2-300x300.jpg 300w, https:\/\/kakadu.pl\/blog\/wp-content\/uploads\/2023\/06\/03-03_Poznaj-nas-blizej_V2-1024x1024.jpg 1024w, https:\/\/kakadu.pl\/blog\/wp-content\/uploads\/2023\/06\/03-03_Poznaj-nas-blizej_V2-150x150.jpg 150w, https:\/\/kakadu.pl\/blog\/wp-content\/uploads\/2023\/06\/03-03_Poznaj-nas-blizej_V2-768x768.jpg 768w\" sizes=\"(max-width: 1080px) 100vw, 1080px\" \/><\/a><\/figure>\n<\/figure>\n","protected":false},"excerpt":{"rendered":"<p>Czas na wakacje cenowe all inclusive \ud83c\udfd6 Do\u0142\u0105cz do Kakadu Zoo Family i skorzystaj z promocji -25% na wybrane karmy i przysmaki dla ps\u00f3w \ud83d\udecd Wystarczy pobra\u0107 aplikacj\u0119 na sw\u00f3j...<\/p>\n","protected":false},"author":1,"featured_media":29685,"parent":0,"menu_order":0,"comment_status":"closed","ping_status":"closed","template":"","meta":{"inline_featured_image":false,"footnotes":""},"yoast_head":"<!-- This site is optimized with the Yoast SEO plugin v22.4 - https:\/\/yoast.com\/wordpress\/plugins\/seo\/ -->\n<title>Wakacje cenowe z Kakadu Zoo Family | Blog o \ud83d\udc36\ud83d\udc31\ud83d\udc39 Kakadu.pl<\/title>\n<meta name=\"robots\" content=\"index, follow, max-snippet:-1, max-image-preview:large, max-video-preview:-1\" \/>\n<link rel=\"canonical\" href=\"https:\/\/kakadu.pl\/blog\/wakacje-cenowe-z-kakadu-zoo-family\/\" \/>\n<meta property=\"og:locale\" content=\"pl_PL\" \/>\n<meta property=\"og:type\" content=\"article\" \/>\n<meta property=\"og:title\" content=\"Wakacje cenowe z Kakadu Zoo Family | Blog o \ud83d\udc36\ud83d\udc31\ud83d\udc39 Kakadu.pl\" \/>\n<meta property=\"og:description\" content=\"Czas na wakacje cenowe all inclusive \ud83c\udfd6 Do\u0142\u0105cz do Kakadu Zoo Family i skorzystaj z promocji -25% na wybrane karmy i przysmaki dla ps\u00f3w \ud83d\udecd Wystarczy pobra\u0107 aplikacj\u0119 na sw\u00f3j...\" \/>\n<meta property=\"og:url\" content=\"https:\/\/kakadu.pl\/blog\/wakacje-cenowe-z-kakadu-zoo-family\/\" \/>\n<meta property=\"og:site_name\" content=\"Sie\u0107 sklep\u00f3w zoologicznych Kakadu\" \/>\n<meta property=\"article:modified_time\" content=\"2023-06-09T07:10:25+00:00\" \/>\n<meta property=\"og:image\" content=\"https:\/\/kakadu.pl\/blog\/wp-content\/uploads\/2023\/06\/760x535px-3.jpg\" \/>\n\t<meta property=\"og:image:width\" content=\"760\" \/>\n\t<meta property=\"og:image:height\" content=\"535\" \/>\n\t<meta property=\"og:image:type\" content=\"image\/jpeg\" \/>\n<meta name=\"twitter:card\" content=\"summary_large_image\" \/>\n<meta name=\"twitter:label1\" content=\"Szacowany czas czytania\" \/>\n\t<meta name=\"twitter:data1\" content=\"4 minuty\" \/>\n<script type=\"application\/ld+json\" class=\"yoast-schema-graph\">{\"@context\":\"https:\/\/schema.org\",\"@graph\":[{\"@type\":\"WebPage\",\"@id\":\"https:\/\/kakadu.pl\/blog\/wakacje-cenowe-z-kakadu-zoo-family\/\",\"url\":\"https:\/\/kakadu.pl\/blog\/wakacje-cenowe-z-kakadu-zoo-family\/\",\"name\":\"Wakacje cenowe z Kakadu Zoo Family | Blog o \ud83d\udc36\ud83d\udc31\ud83d\udc39 Kakadu.pl\",\"isPartOf\":{\"@id\":\"https:\/\/kakadu.pl\/blog\/#website\"},\"primaryImageOfPage\":{\"@id\":\"https:\/\/kakadu.pl\/blog\/wakacje-cenowe-z-kakadu-zoo-family\/#primaryimage\"},\"image\":{\"@id\":\"https:\/\/kakadu.pl\/blog\/wakacje-cenowe-z-kakadu-zoo-family\/#primaryimage\"},\"thumbnailUrl\":\"https:\/\/kakadu.pl\/blog\/wp-content\/uploads\/2023\/06\/760x535px-3.jpg\",\"datePublished\":\"2023-05-31T11:18:26+00:00\",\"dateModified\":\"2023-06-09T07:10:25+00:00\",\"breadcrumb\":{\"@id\":\"https:\/\/kakadu.pl\/blog\/wakacje-cenowe-z-kakadu-zoo-family\/#breadcrumb\"},\"inLanguage\":\"pl-PL\",\"potentialAction\":[{\"@type\":\"ReadAction\",\"target\":[\"https:\/\/kakadu.pl\/blog\/wakacje-cenowe-z-kakadu-zoo-family\/\"]}]},{\"@type\":\"ImageObject\",\"inLanguage\":\"pl-PL\",\"@id\":\"https:\/\/kakadu.pl\/blog\/wakacje-cenowe-z-kakadu-zoo-family\/#primaryimage\",\"url\":\"https:\/\/kakadu.pl\/blog\/wp-content\/uploads\/2023\/06\/760x535px-3.jpg\",\"contentUrl\":\"https:\/\/kakadu.pl\/blog\/wp-content\/uploads\/2023\/06\/760x535px-3.jpg\",\"width\":760,\"height\":535},{\"@type\":\"BreadcrumbList\",\"@id\":\"https:\/\/kakadu.pl\/blog\/wakacje-cenowe-z-kakadu-zoo-family\/#breadcrumb\",\"itemListElement\":[{\"@type\":\"ListItem\",\"position\":1,\"name\":\"Blog\",\"item\":\"https:\/\/kakadu.pl\/blog\/\"},{\"@type\":\"ListItem\",\"position\":2,\"name\":\"Wakacje cenowe z Kakadu Zoo Family\"}]},{\"@type\":\"WebSite\",\"@id\":\"https:\/\/kakadu.pl\/blog\/#website\",\"url\":\"https:\/\/kakadu.pl\/blog\/\",\"name\":\"Sie\u0107 sklep\u00f3w zoologicznych Kakadu\",\"description\":\"Profesjonalna sie\u0107 sklep\u00f3w zoologicznych\",\"potentialAction\":[{\"@type\":\"SearchAction\",\"target\":{\"@type\":\"EntryPoint\",\"urlTemplate\":\"https:\/\/kakadu.pl\/blog\/?s={search_term_string}\"},\"query-input\":\"required name=search_term_string\"}],\"inLanguage\":\"pl-PL\"}]}<\/script>\n<!-- \/ Yoast SEO plugin. -->","yoast_head_json":{"title":"Wakacje cenowe z Kakadu Zoo Family | Blog o \ud83d\udc36\ud83d\udc31\ud83d\udc39 Kakadu.pl","robots":{"index":"index","follow":"follow","max-snippet":"max-snippet:-1","max-image-preview":"max-image-preview:large","max-video-preview":"max-video-preview:-1"},"canonical":"https:\/\/kakadu.pl\/blog\/wakacje-cenowe-z-kakadu-zoo-family\/","og_locale":"pl_PL","og_type":"article","og_title":"Wakacje cenowe z Kakadu Zoo Family | Blog o \ud83d\udc36\ud83d\udc31\ud83d\udc39 Kakadu.pl","og_description":"Czas na wakacje cenowe all inclusive \ud83c\udfd6 Do\u0142\u0105cz do Kakadu Zoo Family i skorzystaj z promocji -25% na wybrane karmy i przysmaki dla ps\u00f3w \ud83d\udecd Wystarczy pobra\u0107 aplikacj\u0119 na sw\u00f3j...","og_url":"https:\/\/kakadu.pl\/blog\/wakacje-cenowe-z-kakadu-zoo-family\/","og_site_name":"Sie\u0107 sklep\u00f3w zoologicznych Kakadu","article_modified_time":"2023-06-09T07:10:25+00:00","og_image":[{"width":760,"height":535,"url":"https:\/\/kakadu.pl\/blog\/wp-content\/uploads\/2023\/06\/760x535px-3.jpg","type":"image\/jpeg"}],"twitter_card":"summary_large_image","twitter_misc":{"Szacowany czas czytania":"4 minuty"},"schema":{"@context":"https:\/\/schema.org","@graph":[{"@type":"WebPage","@id":"https:\/\/kakadu.pl\/blog\/wakacje-cenowe-z-kakadu-zoo-family\/","url":"https:\/\/kakadu.pl\/blog\/wakacje-cenowe-z-kakadu-zoo-family\/","name":"Wakacje cenowe z Kakadu Zoo Family | Blog o \ud83d\udc36\ud83d\udc31\ud83d\udc39 Kakadu.pl","isPartOf":{"@id":"https:\/\/kakadu.pl\/blog\/#website"},"primaryImageOfPage":{"@id":"https:\/\/kakadu.pl\/blog\/wakacje-cenowe-z-kakadu-zoo-family\/#primaryimage"},"image":{"@id":"https:\/\/kakadu.pl\/blog\/wakacje-cenowe-z-kakadu-zoo-family\/#primaryimage"},"thumbnailUrl":"https:\/\/kakadu.pl\/blog\/wp-content\/uploads\/2023\/06\/760x535px-3.jpg","datePublished":"2023-05-31T11:18:26+00:00","dateModified":"2023-06-09T07:10:25+00:00","breadcrumb":{"@id":"https:\/\/kakadu.pl\/blog\/wakacje-cenowe-z-kakadu-zoo-family\/#breadcrumb"},"inLanguage":"pl-PL","potentialAction":[{"@type":"ReadAction","target":["https:\/\/kakadu.pl\/blog\/wakacje-cenowe-z-kakadu-zoo-family\/"]}]},{"@type":"ImageObject","inLanguage":"pl-PL","@id":"https:\/\/kakadu.pl\/blog\/wakacje-cenowe-z-kakadu-zoo-family\/#primaryimage","url":"https:\/\/kakadu.pl\/blog\/wp-content\/uploads\/2023\/06\/760x535px-3.jpg","contentUrl":"https:\/\/kakadu.pl\/blog\/wp-content\/uploads\/2023\/06\/760x535px-3.jpg","width":760,"height":535},{"@type":"BreadcrumbList","@id":"https:\/\/kakadu.pl\/blog\/wakacje-cenowe-z-kakadu-zoo-family\/#breadcrumb","itemListElement":[{"@type":"ListItem","position":1,"name":"Blog","item":"https:\/\/kakadu.pl\/blog\/"},{"@type":"ListItem","position":2,"name":"Wakacje cenowe z Kakadu Zoo Family"}]},{"@type":"WebSite","@id":"https:\/\/kakadu.pl\/blog\/#website","url":"https:\/\/kakadu.pl\/blog\/","name":"Sie\u0107 sklep\u00f3w zoologicznych Kakadu","description":"Profesjonalna sie\u0107 sklep\u00f3w zoologicznych","potentialAction":[{"@type":"SearchAction","target":{"@type":"EntryPoint","urlTemplate":"https:\/\/kakadu.pl\/blog\/?s={search_term_string}"},"query-input":"required name=search_term_string"}],"inLanguage":"pl-PL"}]}},"_links":{"self":[{"href":"https:\/\/kakadu.pl\/blog\/wp-json\/wp\/v2\/pages\/29538"}],"collection":[{"href":"https:\/\/kakadu.pl\/blog\/wp-json\/wp\/v2\/pages"}],"about":[{"href":"https:\/\/kakadu.pl\/blog\/wp-json\/wp\/v2\/types\/page"}],"author":[{"embeddable":true,"href":"https:\/\/kakadu.pl\/blog\/wp-json\/wp\/v2\/users\/1"}],"replies":[{"embeddable":true,"href":"https:\/\/kakadu.pl\/blog\/wp-json\/wp\/v2\/comments?post=29538"}],"version-history":[{"count":25,"href":"https:\/\/kakadu.pl\/blog\/wp-json\/wp\/v2\/pages\/29538\/revisions"}],"predecessor-version":[{"id":29741,"href":"https:\/\/kakadu.pl\/blog\/wp-json\/wp\/v2\/pages\/29538\/revisions\/29741"}],"wp:featuredmedia":[{"embeddable":true,"href":"https:\/\/kakadu.pl\/blog\/wp-json\/wp\/v2\/media\/29685"}],"wp:attachment":[{"href":"https:\/\/kakadu.pl\/blog\/wp-json\/wp\/v2\/media?parent=29538"}],"curies":[{"name":"wp","href":"https:\/\/api.w.org\/{rel}","templated":true}]}}