{"id":20726,"date":"2020-01-31T09:57:02","date_gmt":"2020-01-31T08:57:02","guid":{"rendered":"https:\/\/blog.kakadu.pl\/wordpress\/?page_id=20726"},"modified":"2020-05-15T08:37:11","modified_gmt":"2020-05-15T06:37:11","slug":"regulamin-akcji-adoptujesz-zyskujesz","status":"publish","type":"page","link":"https:\/\/kakadu.pl\/blog\/regulamin-akcji-adoptujesz-zyskujesz\/","title":{"rendered":"REGULAMIN AKCJI ADOPTUJESZ ZYSKUJESZ"},"content":{"rendered":"<p><script src='https:\/\/www.rzetelnyregulamin.pl\/pl\/rr,kod-a0a400ae317f4f7aad02d4e4cd604113'><\/script><br \/>\n<a href=\"https:\/\/kakadu.pl\/blog\/wp-content\/uploads\/2020\/05\/Za\u0142\u0105cznik-nr-1-do-Regulaminu-akcji-promocyjnej.pdf\" target=\"_blank\" rel=\"noopener\"><strong>KLIKNIJ TUTAJ aby przeczyta\u0107 lub pobra\u0107 za\u0142\u0105cznik nr 1 do Regulaminu akcji promocyjnej \u201eAdoptujesz \u2013 zyskujesz\u201d<\/strong><\/a><\/p>\n<p><a href=\"https:\/\/kakadu.pl\/blog\/wp-content\/uploads\/2014\/05\/Za\u0142\u0105cznik-nr-2-do-Regulaminu-akcji-promocyjnej.pdf\" target=\"_blank\" rel=\"noopener\"><strong>KLIKNIJ TUTAJ aby przeczyta\u0107 lub pobra\u0107 za\u0142\u0105cznik nr 2 do Regulaminu akcji promocyjnej \u201eAdoptujesz \u2013 zyskujesz\u201d<\/strong><\/a><\/p>\n<p><a href=\"https:\/\/kakadu.pl\/blog\/wp-content\/uploads\/2014\/05\/Formularz-Adoptujesz-zyskujesz-2.pdf\" target=\"_blank\" rel=\"noopener\"><strong>KLIKNIJ TUTAJ aby przeczyta\u0107 lub pobra\u0107 formularz zg\u0142oszenia do akcji promocyjnej \u201eAdoptujesz \u2013 zyskujesz\u201d<\/strong><\/a><\/p>\n<p><a href=\"https:\/\/kakadu.pl\/blog\/wp-content\/uploads\/2014\/05\/Regulamin_Akcji_Promocyjnej_.pdf\" target=\"_blank\" rel=\"noopener\"><strong>KLIKNIJ TUTAJ aby pobra\u0107 Rgulamin akcji promocyjnej \u201eAdoptujesz \u2013 zyskujesz\u201d<\/strong><\/a><\/p>\n<p>&nbsp;<\/p>\n","protected":false},"excerpt":{"rendered":"<p>KLIKNIJ TUTAJ aby przeczyta\u0107 lub pobra\u0107 za\u0142\u0105cznik nr 1 do Regulaminu akcji promocyjnej \u201eAdoptujesz \u2013 zyskujesz\u201d KLIKNIJ TUTAJ aby przeczyta\u0107 lub pobra\u0107 za\u0142\u0105cznik nr 2 do Regulaminu akcji promocyjnej \u201eAdoptujesz...<\/p>\n","protected":false},"author":2,"featured_media":0,"parent":0,"menu_order":0,"comment_status":"closed","ping_status":"closed","template":"","meta":{"inline_featured_image":false,"footnotes":""},"yoast_head":"<!-- This site is optimized with the Yoast SEO plugin v22.4 - https:\/\/yoast.com\/wordpress\/plugins\/seo\/ -->\n<title>REGULAMIN AKCJI ADOPTUJESZ ZYSKUJESZ | Blog o \ud83d\udc36\ud83d\udc31\ud83d\udc39 Kakadu.pl<\/title>\n<meta name=\"robots\" content=\"index, follow, max-snippet:-1, max-image-preview:large, max-video-preview:-1\" \/>\n<link rel=\"canonical\" href=\"https:\/\/kakadu.pl\/blog\/regulamin-akcji-adoptujesz-zyskujesz\/\" \/>\n<meta property=\"og:locale\" content=\"pl_PL\" \/>\n<meta property=\"og:type\" content=\"article\" \/>\n<meta property=\"og:title\" content=\"REGULAMIN AKCJI ADOPTUJESZ ZYSKUJESZ | Blog o \ud83d\udc36\ud83d\udc31\ud83d\udc39 Kakadu.pl\" \/>\n<meta property=\"og:description\" content=\"KLIKNIJ TUTAJ aby przeczyta\u0107 lub pobra\u0107 za\u0142\u0105cznik nr 1 do Regulaminu akcji promocyjnej \u201eAdoptujesz \u2013 zyskujesz\u201d KLIKNIJ TUTAJ aby przeczyta\u0107 lub pobra\u0107 za\u0142\u0105cznik nr 2 do Regulaminu akcji promocyjnej \u201eAdoptujesz...\" \/>\n<meta property=\"og:url\" content=\"https:\/\/kakadu.pl\/blog\/regulamin-akcji-adoptujesz-zyskujesz\/\" \/>\n<meta property=\"og:site_name\" content=\"Sie\u0107 sklep\u00f3w zoologicznych Kakadu\" \/>\n<meta property=\"article:modified_time\" content=\"2020-05-15T06:37:11+00:00\" \/>\n<meta name=\"twitter:card\" content=\"summary_large_image\" \/>\n<script type=\"application\/ld+json\" class=\"yoast-schema-graph\">{\"@context\":\"https:\/\/schema.org\",\"@graph\":[{\"@type\":\"WebPage\",\"@id\":\"https:\/\/kakadu.pl\/blog\/regulamin-akcji-adoptujesz-zyskujesz\/\",\"url\":\"https:\/\/kakadu.pl\/blog\/regulamin-akcji-adoptujesz-zyskujesz\/\",\"name\":\"REGULAMIN AKCJI ADOPTUJESZ ZYSKUJESZ | Blog o \ud83d\udc36\ud83d\udc31\ud83d\udc39 Kakadu.pl\",\"isPartOf\":{\"@id\":\"https:\/\/kakadu.pl\/blog\/#website\"},\"datePublished\":\"2020-01-31T08:57:02+00:00\",\"dateModified\":\"2020-05-15T06:37:11+00:00\",\"breadcrumb\":{\"@id\":\"https:\/\/kakadu.pl\/blog\/regulamin-akcji-adoptujesz-zyskujesz\/#breadcrumb\"},\"inLanguage\":\"pl-PL\",\"potentialAction\":[{\"@type\":\"ReadAction\",\"target\":[\"https:\/\/kakadu.pl\/blog\/regulamin-akcji-adoptujesz-zyskujesz\/\"]}]},{\"@type\":\"BreadcrumbList\",\"@id\":\"https:\/\/kakadu.pl\/blog\/regulamin-akcji-adoptujesz-zyskujesz\/#breadcrumb\",\"itemListElement\":[{\"@type\":\"ListItem\",\"position\":1,\"name\":\"Blog\",\"item\":\"https:\/\/kakadu.pl\/blog\/\"},{\"@type\":\"ListItem\",\"position\":2,\"name\":\"REGULAMIN AKCJI ADOPTUJESZ ZYSKUJESZ\"}]},{\"@type\":\"WebSite\",\"@id\":\"https:\/\/kakadu.pl\/blog\/#website\",\"url\":\"https:\/\/kakadu.pl\/blog\/\",\"name\":\"Sie\u0107 sklep\u00f3w zoologicznych Kakadu\",\"description\":\"Profesjonalna sie\u0107 sklep\u00f3w zoologicznych\",\"potentialAction\":[{\"@type\":\"SearchAction\",\"target\":{\"@type\":\"EntryPoint\",\"urlTemplate\":\"https:\/\/kakadu.pl\/blog\/?s={search_term_string}\"},\"query-input\":\"required name=search_term_string\"}],\"inLanguage\":\"pl-PL\"}]}<\/script>\n<!-- \/ Yoast SEO plugin. -->","yoast_head_json":{"title":"REGULAMIN AKCJI ADOPTUJESZ ZYSKUJESZ | Blog o \ud83d\udc36\ud83d\udc31\ud83d\udc39 Kakadu.pl","robots":{"index":"index","follow":"follow","max-snippet":"max-snippet:-1","max-image-preview":"max-image-preview:large","max-video-preview":"max-video-preview:-1"},"canonical":"https:\/\/kakadu.pl\/blog\/regulamin-akcji-adoptujesz-zyskujesz\/","og_locale":"pl_PL","og_type":"article","og_title":"REGULAMIN AKCJI ADOPTUJESZ ZYSKUJESZ | Blog o \ud83d\udc36\ud83d\udc31\ud83d\udc39 Kakadu.pl","og_description":"KLIKNIJ TUTAJ aby przeczyta\u0107 lub pobra\u0107 za\u0142\u0105cznik nr 1 do Regulaminu akcji promocyjnej \u201eAdoptujesz \u2013 zyskujesz\u201d KLIKNIJ TUTAJ aby przeczyta\u0107 lub pobra\u0107 za\u0142\u0105cznik nr 2 do Regulaminu akcji promocyjnej \u201eAdoptujesz...","og_url":"https:\/\/kakadu.pl\/blog\/regulamin-akcji-adoptujesz-zyskujesz\/","og_site_name":"Sie\u0107 sklep\u00f3w zoologicznych Kakadu","article_modified_time":"2020-05-15T06:37:11+00:00","twitter_card":"summary_large_image","schema":{"@context":"https:\/\/schema.org","@graph":[{"@type":"WebPage","@id":"https:\/\/kakadu.pl\/blog\/regulamin-akcji-adoptujesz-zyskujesz\/","url":"https:\/\/kakadu.pl\/blog\/regulamin-akcji-adoptujesz-zyskujesz\/","name":"REGULAMIN AKCJI ADOPTUJESZ ZYSKUJESZ | Blog o \ud83d\udc36\ud83d\udc31\ud83d\udc39 Kakadu.pl","isPartOf":{"@id":"https:\/\/kakadu.pl\/blog\/#website"},"datePublished":"2020-01-31T08:57:02+00:00","dateModified":"2020-05-15T06:37:11+00:00","breadcrumb":{"@id":"https:\/\/kakadu.pl\/blog\/regulamin-akcji-adoptujesz-zyskujesz\/#breadcrumb"},"inLanguage":"pl-PL","potentialAction":[{"@type":"ReadAction","target":["https:\/\/kakadu.pl\/blog\/regulamin-akcji-adoptujesz-zyskujesz\/"]}]},{"@type":"BreadcrumbList","@id":"https:\/\/kakadu.pl\/blog\/regulamin-akcji-adoptujesz-zyskujesz\/#breadcrumb","itemListElement":[{"@type":"ListItem","position":1,"name":"Blog","item":"https:\/\/kakadu.pl\/blog\/"},{"@type":"ListItem","position":2,"name":"REGULAMIN AKCJI ADOPTUJESZ ZYSKUJESZ"}]},{"@type":"WebSite","@id":"https:\/\/kakadu.pl\/blog\/#website","url":"https:\/\/kakadu.pl\/blog\/","name":"Sie\u0107 sklep\u00f3w zoologicznych Kakadu","description":"Profesjonalna sie\u0107 sklep\u00f3w zoologicznych","potentialAction":[{"@type":"SearchAction","target":{"@type":"EntryPoint","urlTemplate":"https:\/\/kakadu.pl\/blog\/?s={search_term_string}"},"query-input":"required name=search_term_string"}],"inLanguage":"pl-PL"}]}},"_links":{"self":[{"href":"https:\/\/kakadu.pl\/blog\/wp-json\/wp\/v2\/pages\/20726"}],"collection":[{"href":"https:\/\/kakadu.pl\/blog\/wp-json\/wp\/v2\/pages"}],"about":[{"href":"https:\/\/kakadu.pl\/blog\/wp-json\/wp\/v2\/types\/page"}],"author":[{"embeddable":true,"href":"https:\/\/kakadu.pl\/blog\/wp-json\/wp\/v2\/users\/2"}],"replies":[{"embeddable":true,"href":"https:\/\/kakadu.pl\/blog\/wp-json\/wp\/v2\/comments?post=20726"}],"version-history":[{"count":0,"href":"https:\/\/kakadu.pl\/blog\/wp-json\/wp\/v2\/pages\/20726\/revisions"}],"wp:attachment":[{"href":"https:\/\/kakadu.pl\/blog\/wp-json\/wp\/v2\/media?parent=20726"}],"curies":[{"name":"wp","href":"https:\/\/api.w.org\/{rel}","templated":true}]}}